{"id":261,"date":"2025-04-18T15:55:03","date_gmt":"2025-04-18T19:55:03","guid":{"rendered":"https:\/\/charcuteriefortin.com\/trouver-nos-produits\/"},"modified":"2025-08-26T16:28:42","modified_gmt":"2025-08-26T20:28:42","slug":"where-to-buy-our-products","status":"publish","type":"page","link":"https:\/\/charcuteriefortin.com\/en\/where-to-buy-our-products\/","title":{"rendered":"Where to buy our products"},"content":{"rendered":"\r\n  \r\n\r\n\r\n  <section    class=\"where-to-buy-first-content-section section bg-normal bg-vcenter bg-hcenter spacer-50-p-y style-clear\" >\r\n\r\n                <div class=\"position-absolute\" style=\"pointer-events:none!important; top: var(--app-NheaderHeight);\" id=\"where-to-buy-first-content-section\"><\/div>\r\n      \r\n     <style type=\"text\/css\">\r\n          \r\n          @media screen and (max-width: 768px) {\r\n\r\n                    }\r\n\r\n      <\/style>\r\n    <div class=\"block block-text\">\r\n      <div class=\"container\">\r\n\r\n  <div data-scroll class=\"text-holder block-custom-width\" style=\"max-width: 620px;\">\r\n    \r\n    <div class=\"animate-fadeIn-slideUp  block-text d-flex flex-column align-items-start text-start\" style=\"--i: 1; opacity: 0; transform: translateY(40px)\">\r\n\r\n        \r\n                    <div class=\"content-text bloc-content\"><h3 style=\"text-align: center;\"><strong>Our products are sold by several major banners:<\/strong><\/h3>\n<p style=\"text-align: center;\">We\u2019re proud to work with these brands to bring you quality products day after day.<\/p>\n<\/div>\r\n        \r\n            <\/div>\r\n\r\n  <\/div>\r\n<\/div>    <\/div>\r\n\r\n  <\/section>\r\n\n\n\r\n  \r\n\r\n\r\n  <section    class=\"block_12c0569cf68ff01f9e45288161b6346d section bg-normal bg-vcenter bg-hcenter spacer-50-p-bottom style-clear\" >\r\n\r\n      \r\n     <style type=\"text\/css\">\r\n          \r\n          @media screen and (max-width: 768px) {\r\n\r\n                    }\r\n\r\n      <\/style>\r\n    <div class=\"block block-list-partenaires\">\r\n      \r\n\r\n<div style=\"max-width: 1090px; margin: 0 auto;\"  class=\"container container-content\">\r\n\r\n    <div class=\"animated-section\">\r\n\r\n        \r\n            <div class=\"clients-list spacer-88-m-top\">\r\n\r\n                \r\n                                        \r\n                        <div class=\"animate-fadeIn-slideUp-delay single-partner\">\r\n                                                        <a target=\"_blank\" href=\"https:\/\/www.metro.ca\/\" title=\"Where to buy our products\">\r\n                                                                                                    <picture class=\"\"><source media=\"(min-width:1536px)\" srcset=\"https:\/\/charcuteriefortin.com\/wp-content\/uploads\/2025\/08\/image-35.png\"><source media=\"(min-width:1024px)\" srcset=\"https:\/\/charcuteriefortin.com\/wp-content\/uploads\/2025\/08\/image-35.png\"><source media=\"(min-width:768px)\" srcset=\"https:\/\/charcuteriefortin.com\/wp-content\/uploads\/2025\/08\/image-35.png\"><img decoding=\"async\" src=\"https:\/\/charcuteriefortin.com\/wp-content\/uploads\/2025\/08\/image-35.png\" alt=\"image 35\"><\/picture>                                                                                            <\/a>\r\n                                                <\/div>\r\n                \r\n                                        \r\n                        <div class=\"animate-fadeIn-slideUp-delay single-partner\">\r\n                                                        <a target=\"_blank\" href=\"https:\/\/www.iga.net\/fr\" title=\"Where to buy our products\">\r\n                                                                                                    <picture class=\"\"><source media=\"(min-width:1536px)\" srcset=\"https:\/\/charcuteriefortin.com\/wp-content\/uploads\/2025\/08\/iga-logo.png\"><source media=\"(min-width:1024px)\" srcset=\"https:\/\/charcuteriefortin.com\/wp-content\/uploads\/2025\/08\/iga-logo.png\"><source media=\"(min-width:768px)\" srcset=\"https:\/\/charcuteriefortin.com\/wp-content\/uploads\/2025\/08\/iga-logo.png\"><img decoding=\"async\" src=\"https:\/\/charcuteriefortin.com\/wp-content\/uploads\/2025\/08\/iga-logo.png\" alt=\"iga-logo\"><\/picture>                                                                                            <\/a>\r\n                                                <\/div>\r\n                \r\n                                        \r\n                        <div class=\"animate-fadeIn-slideUp-delay single-partner\">\r\n                                                        <a target=\"_blank\" href=\"https:\/\/www.provigo.ca\/fr\" title=\"Where to buy our products\">\r\n                                                                                                    <picture class=\"\"><source media=\"(min-width:1536px)\" srcset=\"https:\/\/charcuteriefortin.com\/wp-content\/uploads\/2025\/08\/provigo-logo.png\"><source media=\"(min-width:1024px)\" srcset=\"https:\/\/charcuteriefortin.com\/wp-content\/uploads\/2025\/08\/provigo-logo.png\"><source media=\"(min-width:768px)\" srcset=\"https:\/\/charcuteriefortin.com\/wp-content\/uploads\/2025\/08\/provigo-logo.png\"><img decoding=\"async\" src=\"https:\/\/charcuteriefortin.com\/wp-content\/uploads\/2025\/08\/provigo-logo.png\" alt=\"provigo-logo\"><\/picture>                                                                                            <\/a>\r\n                                                <\/div>\r\n                \r\n                                        \r\n                        <div class=\"animate-fadeIn-slideUp-delay single-partner\">\r\n                                                        <a target=\"_blank\" href=\"https:\/\/www.superc.ca\/\" title=\"Where to buy our products\">\r\n                                                                                                    <picture class=\"\"><source media=\"(min-width:1536px)\" srcset=\"https:\/\/charcuteriefortin.com\/wp-content\/uploads\/2025\/08\/super-c.png\"><source media=\"(min-width:1024px)\" srcset=\"https:\/\/charcuteriefortin.com\/wp-content\/uploads\/2025\/08\/super-c.png\"><source media=\"(min-width:768px)\" srcset=\"https:\/\/charcuteriefortin.com\/wp-content\/uploads\/2025\/08\/super-c.png\"><img decoding=\"async\" src=\"https:\/\/charcuteriefortin.com\/wp-content\/uploads\/2025\/08\/super-c.png\" alt=\"super-c\"><\/picture>                                                                                            <\/a>\r\n                                                <\/div>\r\n                \r\n                                        \r\n                        <div class=\"animate-fadeIn-slideUp-delay single-partner\">\r\n                                                        <a target=\"_blank\" href=\"https:\/\/www.walmart.ca\/fr\" title=\"Where to buy our products\">\r\n                                                                                                    <picture class=\"\"><source media=\"(min-width:1536px)\" srcset=\"https:\/\/charcuteriefortin.com\/wp-content\/uploads\/2025\/08\/logo-waltmart.png\"><source media=\"(min-width:1024px)\" srcset=\"https:\/\/charcuteriefortin.com\/wp-content\/uploads\/2025\/08\/logo-waltmart.png\"><source media=\"(min-width:768px)\" srcset=\"https:\/\/charcuteriefortin.com\/wp-content\/uploads\/2025\/08\/logo-waltmart.png\"><img decoding=\"async\" src=\"https:\/\/charcuteriefortin.com\/wp-content\/uploads\/2025\/08\/logo-waltmart.png\" alt=\"logo-waltmart\"><\/picture>                                                                                            <\/a>\r\n                                                <\/div>\r\n                \r\n                                        \r\n                        <div class=\"animate-fadeIn-slideUp-delay single-partner\">\r\n                                                        <a target=\"_blank\" href=\"https:\/\/www.costco.ca\/\" title=\"Where to buy our products\">\r\n                                                                                                    <picture class=\"\"><source media=\"(min-width:1536px)\" srcset=\"https:\/\/charcuteriefortin.com\/wp-content\/uploads\/2025\/08\/logo-costco.png\"><source media=\"(min-width:1024px)\" srcset=\"https:\/\/charcuteriefortin.com\/wp-content\/uploads\/2025\/08\/logo-costco.png\"><source media=\"(min-width:768px)\" srcset=\"https:\/\/charcuteriefortin.com\/wp-content\/uploads\/2025\/08\/logo-costco.png\"><img decoding=\"async\" src=\"https:\/\/charcuteriefortin.com\/wp-content\/uploads\/2025\/08\/logo-costco.png\" alt=\"logo-costco\"><\/picture>                                                                                            <\/a>\r\n                                                <\/div>\r\n                \r\n            <\/div>\r\n\r\n        \r\n    <\/div>\r\n\r\n<\/div>    <\/div>\r\n\r\n  <\/section>\r\n\n\n\r\n  \r\n\r\n\r\n  <section    class=\"block_d35e3e2b15f3a7f264656ba4998ab1bc section bg-normal bg-vcenter bg-hcenter spacer-80-p-bottom style-clear\" >\r\n\r\n      \r\n     <style type=\"text\/css\">\r\n          \r\n          @media screen and (max-width: 768px) {\r\n\r\n                    }\r\n\r\n      <\/style>\r\n    <div class=\"block block-location\">\r\n      <div class=\"container medium\">\r\n    <div class=\"row\">\r\n        <div class=\"col-12\">\r\n\r\n        <\/div>\r\n    <\/div>\r\n\r\n    <div class=\"row\">\r\n\r\n        <div class=\"col-12 px-0 position-relative\">\r\n            <div style=\"border-radius: 16px;\r\nborder: 1px solid #C8C3BD;\" id=\"map\"><\/div>\r\n        <\/div>\r\n    <\/div>\r\n<\/div>    <\/div>\r\n\r\n  <\/section>\r\n","protected":false},"excerpt":{"rendered":"","protected":false},"author":1,"featured_media":0,"parent":0,"menu_order":0,"comment_status":"closed","ping_status":"closed","template":"","meta":{"_acf_changed":false,"footnotes":""},"class_list":["post-261","page","type-page","status-publish","hentry"],"acf":[],"yoast_head":"<!-- This site is optimized with the Yoast SEO plugin v25.7 - https:\/\/yoast.com\/wordpress\/plugins\/seo\/ -->\n<title>Where to buy our products - Charcuterie Fortin | Produits du Saguenay Lac-Saint-Jean<\/title>\n<meta name=\"robots\" content=\"index, follow, max-snippet:-1, max-image-preview:large, max-video-preview:-1\" \/>\n<link rel=\"canonical\" href=\"https:\/\/charcuteriefortin.com\/en\/where-to-buy-our-products\/\" \/>\n<meta property=\"og:locale\" content=\"en_US\" \/>\n<meta property=\"og:type\" content=\"article\" \/>\n<meta property=\"og:title\" content=\"Where to buy our products - Charcuterie Fortin | Produits du Saguenay Lac-Saint-Jean\" \/>\n<meta property=\"og:url\" content=\"https:\/\/charcuteriefortin.com\/en\/where-to-buy-our-products\/\" \/>\n<meta property=\"og:site_name\" content=\"Charcuterie Fortin | Produits du Saguenay Lac-Saint-Jean\" \/>\n<meta property=\"article:modified_time\" content=\"2025-08-26T20:28:42+00:00\" \/>\n<meta name=\"twitter:card\" content=\"summary_large_image\" \/>\n<script type=\"application\/ld+json\" class=\"yoast-schema-graph\">{\"@context\":\"https:\/\/schema.org\",\"@graph\":[{\"@type\":\"WebPage\",\"@id\":\"https:\/\/charcuteriefortin.com\/en\/where-to-buy-our-products\/\",\"url\":\"https:\/\/charcuteriefortin.com\/en\/where-to-buy-our-products\/\",\"name\":\"Where to buy our products - Charcuterie Fortin | Produits du Saguenay Lac-Saint-Jean\",\"isPartOf\":{\"@id\":\"https:\/\/charcuteriefortin.com\/#website\"},\"datePublished\":\"2025-04-18T19:55:03+00:00\",\"dateModified\":\"2025-08-26T20:28:42+00:00\",\"breadcrumb\":{\"@id\":\"https:\/\/charcuteriefortin.com\/en\/where-to-buy-our-products\/#breadcrumb\"},\"inLanguage\":\"en-US\",\"potentialAction\":[{\"@type\":\"ReadAction\",\"target\":[\"https:\/\/charcuteriefortin.com\/en\/where-to-buy-our-products\/\"]}]},{\"@type\":\"BreadcrumbList\",\"@id\":\"https:\/\/charcuteriefortin.com\/en\/where-to-buy-our-products\/#breadcrumb\",\"itemListElement\":[{\"@type\":\"ListItem\",\"position\":1,\"name\":\"Home\",\"item\":\"https:\/\/charcuteriefortin.com\/en\/\"},{\"@type\":\"ListItem\",\"position\":2,\"name\":\"Where to buy our products\"}]},{\"@type\":\"WebSite\",\"@id\":\"https:\/\/charcuteriefortin.com\/#website\",\"url\":\"https:\/\/charcuteriefortin.com\/\",\"name\":\"Charcuterie Fortin | Produits du Saguenay Lac-Saint-Jean\",\"description\":\"Charcuterie Fortin se sp\u00e9cialise dans la transformation de jambon et charcuteries, en priorisant le bon go\u00fbt traditionnel et la qualit\u00e9 sup\u00e9rieure de ses produits.\",\"potentialAction\":[{\"@type\":\"SearchAction\",\"target\":{\"@type\":\"EntryPoint\",\"urlTemplate\":\"https:\/\/charcuteriefortin.com\/?s={search_term_string}\"},\"query-input\":{\"@type\":\"PropertyValueSpecification\",\"valueRequired\":true,\"valueName\":\"search_term_string\"}}],\"inLanguage\":\"en-US\"}]}<\/script>\n<!-- \/ Yoast SEO plugin. -->","yoast_head_json":{"title":"Where to buy our products - Charcuterie Fortin | Produits du Saguenay Lac-Saint-Jean","robots":{"index":"index","follow":"follow","max-snippet":"max-snippet:-1","max-image-preview":"max-image-preview:large","max-video-preview":"max-video-preview:-1"},"canonical":"https:\/\/charcuteriefortin.com\/en\/where-to-buy-our-products\/","og_locale":"en_US","og_type":"article","og_title":"Where to buy our products - Charcuterie Fortin | Produits du Saguenay Lac-Saint-Jean","og_url":"https:\/\/charcuteriefortin.com\/en\/where-to-buy-our-products\/","og_site_name":"Charcuterie Fortin | Produits du Saguenay Lac-Saint-Jean","article_modified_time":"2025-08-26T20:28:42+00:00","twitter_card":"summary_large_image","schema":{"@context":"https:\/\/schema.org","@graph":[{"@type":"WebPage","@id":"https:\/\/charcuteriefortin.com\/en\/where-to-buy-our-products\/","url":"https:\/\/charcuteriefortin.com\/en\/where-to-buy-our-products\/","name":"Where to buy our products - Charcuterie Fortin | Produits du Saguenay Lac-Saint-Jean","isPartOf":{"@id":"https:\/\/charcuteriefortin.com\/#website"},"datePublished":"2025-04-18T19:55:03+00:00","dateModified":"2025-08-26T20:28:42+00:00","breadcrumb":{"@id":"https:\/\/charcuteriefortin.com\/en\/where-to-buy-our-products\/#breadcrumb"},"inLanguage":"en-US","potentialAction":[{"@type":"ReadAction","target":["https:\/\/charcuteriefortin.com\/en\/where-to-buy-our-products\/"]}]},{"@type":"BreadcrumbList","@id":"https:\/\/charcuteriefortin.com\/en\/where-to-buy-our-products\/#breadcrumb","itemListElement":[{"@type":"ListItem","position":1,"name":"Home","item":"https:\/\/charcuteriefortin.com\/en\/"},{"@type":"ListItem","position":2,"name":"Where to buy our products"}]},{"@type":"WebSite","@id":"https:\/\/charcuteriefortin.com\/#website","url":"https:\/\/charcuteriefortin.com\/","name":"Charcuterie Fortin | Produits du Saguenay Lac-Saint-Jean","description":"Charcuterie Fortin se sp\u00e9cialise dans la transformation de jambon et charcuteries, en priorisant le bon go\u00fbt traditionnel et la qualit\u00e9 sup\u00e9rieure de ses produits.","potentialAction":[{"@type":"SearchAction","target":{"@type":"EntryPoint","urlTemplate":"https:\/\/charcuteriefortin.com\/?s={search_term_string}"},"query-input":{"@type":"PropertyValueSpecification","valueRequired":true,"valueName":"search_term_string"}}],"inLanguage":"en-US"}]}},"_links":{"self":[{"href":"https:\/\/charcuteriefortin.com\/en\/wp-json\/wp\/v2\/pages\/261","targetHints":{"allow":["GET"]}}],"collection":[{"href":"https:\/\/charcuteriefortin.com\/en\/wp-json\/wp\/v2\/pages"}],"about":[{"href":"https:\/\/charcuteriefortin.com\/en\/wp-json\/wp\/v2\/types\/page"}],"author":[{"embeddable":true,"href":"https:\/\/charcuteriefortin.com\/en\/wp-json\/wp\/v2\/users\/1"}],"replies":[{"embeddable":true,"href":"https:\/\/charcuteriefortin.com\/en\/wp-json\/wp\/v2\/comments?post=261"}],"version-history":[{"count":12,"href":"https:\/\/charcuteriefortin.com\/en\/wp-json\/wp\/v2\/pages\/261\/revisions"}],"predecessor-version":[{"id":559,"href":"https:\/\/charcuteriefortin.com\/en\/wp-json\/wp\/v2\/pages\/261\/revisions\/559"}],"wp:attachment":[{"href":"https:\/\/charcuteriefortin.com\/en\/wp-json\/wp\/v2\/media?parent=261"}],"curies":[{"name":"wp","href":"https:\/\/api.w.org\/{rel}","templated":true}]}}