{"id":264,"date":"2025-04-18T15:36:43","date_gmt":"2025-04-18T19:36:43","guid":{"rendered":"https:\/\/charcuteriefortin.com\/nous-joindre\/"},"modified":"2025-09-05T09:01:33","modified_gmt":"2025-09-05T13:01:33","slug":"contact-us","status":"publish","type":"page","link":"https:\/\/charcuteriefortin.com\/en\/contact-us\/","title":{"rendered":"Contact us"},"content":{"rendered":"\r\n  \r\n\r\n\r\n  <section    class=\"block_0899b4c9ed92e3a8be64b55282ae5dcd section bg-normal bg-vcenter bg-hcenter spacer-50-p-y style-clear\" >\r\n\r\n      \r\n     <style type=\"text\/css\">\r\n          \r\n          @media screen and (max-width: 768px) {\r\n\r\n                    }\r\n\r\n      <\/style>\r\n    <div class=\"block block-text\">\r\n      <div class=\"container\">\r\n\r\n  <div data-scroll class=\"text-holder block-custom-width\" style=\"max-width: 620px;\">\r\n    \r\n    <div class=\"animate-fadeIn-slideUp  block-text d-flex flex-column align-items-center text-center\" style=\"--i: 1; opacity: 0; transform: translateY(40px)\">\r\n\r\n        \r\n                    <div class=\"content-text bloc-content\"><p><strong><span class=\"style-h3\">We\u2019re always happy to hear from you!<\/span><\/strong><\/p>\n<p>Have a question, comment or request? We\u2019re here and happy to help. Fill out the form below and a member of our team will get back to you as soon as possible.<\/p>\n<p>845 Avenue Bombardier<br \/>\nAlma, QC<br \/>\nG8B 6H2<\/p>\n<p><strong>T\u00e9l. : <\/strong><a href=\"tel:4183473365\">418 347-3365<\/a><br \/>\n<strong>Sans frais : <\/strong><a href=\"tel:18004636551\">1 800 463-6551<\/a><\/p>\n<\/div>\r\n        \r\n            <\/div>\r\n\r\n  <\/div>\r\n<\/div>    <\/div>\r\n\r\n  <\/section>\r\n\n\n\r\n  \r\n\r\n\r\n  <section    class=\"block_bb7573f7a18c1b3bb68edeb7efcc7c04 section bg-normal bg-vcenter bg-hcenter spacer-40-p-bottom style-clear\" >\r\n\r\n      \r\n     <style type=\"text\/css\">\r\n          \r\n          @media screen and (max-width: 768px) {\r\n\r\n                    }\r\n\r\n      <\/style>\r\n    <div class=\"block block-form\">\r\n      <div data-scroll class=\"container\">\r\n\r\n  <div class=\"animate-fadeIn-slideUp\" style=\"--i: 1; opacity: 0; transform: translateY(40px)\">\r\n\r\n      <div class=\"content-text\">\r\n\r\n          \r\n          <script>\r\n            document.addEventListener( \"DOMContentLoaded\", function( e ) {\r\n                if ( typeof jQuery !== \"undefined\" ) {\r\n                    jQuery(document).on( \"click\", \"#gform_submit_button_3\", function(e) {\r\n                       \r\n                        \r\n                        if( jQuery(this).data(\"isclicked\" ) === true ) {\r\n                            e.preventDefault();\r\n                            return false;\r\n                        }\r\n                        \r\n                        jQuery(this).find(\"span\").hide();\r\n                        jQuery(this).find(\"i\").show();\r\n                     });\r\n                }\r\n            });\r\n        <\/script><script type=\"text\/javascript\">\n\/* <![CDATA[ *\/\nvar gform;gform||(document.addEventListener(\"gform_main_scripts_loaded\",function(){gform.scriptsLoaded=!0}),document.addEventListener(\"gform\/theme\/scripts_loaded\",function(){gform.themeScriptsLoaded=!0}),window.addEventListener(\"DOMContentLoaded\",function(){gform.domLoaded=!0}),gform={domLoaded:!1,scriptsLoaded:!1,themeScriptsLoaded:!1,isFormEditor:()=>\"function\"==typeof InitializeEditor,callIfLoaded:function(o){return!(!gform.domLoaded||!gform.scriptsLoaded||!gform.themeScriptsLoaded&&!gform.isFormEditor()||(gform.isFormEditor()&&console.warn(\"The use of gform.initializeOnLoaded() is deprecated in the form editor context and will be removed in Gravity Forms 3.1.\"),o(),0))},initializeOnLoaded:function(o){gform.callIfLoaded(o)||(document.addEventListener(\"gform_main_scripts_loaded\",()=>{gform.scriptsLoaded=!0,gform.callIfLoaded(o)}),document.addEventListener(\"gform\/theme\/scripts_loaded\",()=>{gform.themeScriptsLoaded=!0,gform.callIfLoaded(o)}),window.addEventListener(\"DOMContentLoaded\",()=>{gform.domLoaded=!0,gform.callIfLoaded(o)}))},hooks:{action:{},filter:{}},addAction:function(o,r,e,t){gform.addHook(\"action\",o,r,e,t)},addFilter:function(o,r,e,t){gform.addHook(\"filter\",o,r,e,t)},doAction:function(o){gform.doHook(\"action\",o,arguments)},applyFilters:function(o){return gform.doHook(\"filter\",o,arguments)},removeAction:function(o,r){gform.removeHook(\"action\",o,r)},removeFilter:function(o,r,e){gform.removeHook(\"filter\",o,r,e)},addHook:function(o,r,e,t,n){null==gform.hooks[o][r]&&(gform.hooks[o][r]=[]);var d=gform.hooks[o][r];null==n&&(n=r+\"_\"+d.length),gform.hooks[o][r].push({tag:n,callable:e,priority:t=null==t?10:t})},doHook:function(r,o,e){var t;if(e=Array.prototype.slice.call(e,1),null!=gform.hooks[r][o]&&((o=gform.hooks[r][o]).sort(function(o,r){return o.priority-r.priority}),o.forEach(function(o){\"function\"!=typeof(t=o.callable)&&(t=window[t]),\"action\"==r?t.apply(null,e):e[0]=t.apply(null,e)})),\"filter\"==r)return e[0]},removeHook:function(o,r,t,n){var e;null!=gform.hooks[o][r]&&(e=(e=gform.hooks[o][r]).filter(function(o,r,e){return!!(null!=n&&n!=o.tag||null!=t&&t!=o.priority)}),gform.hooks[o][r]=e)}});\n\/* ]]> *\/\n<\/script>\n\n                <div class='gf_browser_gecko gform_wrapper gravity-theme gform-theme--no-framework' data-form-theme='gravity-theme' data-form-index='0' id='gform_wrapper_3' >\n                        <div class='gform_heading'>\n\t\t\t\t\t\t\t<p class='gform_required_legend'><\/p>\n                        <\/div><form method='post' enctype='multipart\/form-data' target='gform_ajax_frame_3' id='gform_3'  action='\/en\/wp-json\/wp\/v2\/pages\/264' data-formid='3' novalidate>\n                        <div class='gform-body gform_body'><div id='gform_fields_3' class='gform_fields top_label form_sublabel_below description_below validation_below'><div id=\"field_3_7\" class=\"gfield gfield--type-text gfield--width-half gfield_contains_required field_sublabel_below gfield--no-description field_description_below field_validation_below gfield_visibility_visible\"  ><label class='gfield_label gform-field-label' for='input_3_7'>First name<span class=\"gfield_required\"><span class=\"gfield_required gfield_required_asterisk\">*<\/span><\/span><\/label><div class='ginput_container ginput_container_text'><input name='input_7' id='input_3_7' type='text' value='' class='large'    placeholder='First name' aria-required=\"true\" aria-invalid=\"false\"   \/><\/div><\/div><div id=\"field_3_8\" class=\"gfield gfield--type-text gfield--width-half gfield_contains_required field_sublabel_below gfield--no-description field_description_below field_validation_below gfield_visibility_visible\"  ><label class='gfield_label gform-field-label' for='input_3_8'>Last name<span class=\"gfield_required\"><span class=\"gfield_required gfield_required_asterisk\">*<\/span><\/span><\/label><div class='ginput_container ginput_container_text'><input name='input_8' id='input_3_8' type='text' value='' class='large'    placeholder='Last name' aria-required=\"true\" aria-invalid=\"false\"   \/><\/div><\/div><div id=\"field_3_4\" class=\"gfield gfield--type-email gfield--width-half gfield_contains_required field_sublabel_below gfield--no-description field_description_below field_validation_below gfield_visibility_visible\"  ><label class='gfield_label gform-field-label' for='input_3_4'>Email<span class=\"gfield_required\"><span class=\"gfield_required gfield_required_asterisk\">*<\/span><\/span><\/label><div class='ginput_container ginput_container_email'>\n                            <input name='input_4' id='input_3_4' type='email' value='' class='large'   placeholder='Email' aria-required=\"true\" aria-invalid=\"false\"  \/>\n                        <\/div><\/div><div id=\"field_3_3\" class=\"gfield gfield--type-phone gfield--width-half gfield_contains_required field_sublabel_below gfield--no-description field_description_below field_validation_below gfield_visibility_visible\"  ><label class='gfield_label gform-field-label' for='input_3_3'>Phone<span class=\"gfield_required\"><span class=\"gfield_required gfield_required_asterisk\">*<\/span><\/span><\/label><div class='ginput_container ginput_container_phone'><input name='input_3' id='input_3_3' type='tel' value='' class='large'  placeholder='Phone' aria-required=\"true\" aria-invalid=\"false\"   \/><\/div><\/div><div id=\"field_3_6\" class=\"gfield gfield--type-textarea field-full-width gfield_contains_required field_sublabel_below gfield--no-description field_description_below field_validation_below gfield_visibility_visible\"  ><label class='gfield_label gform-field-label' for='input_3_6'>Message<span class=\"gfield_required\"><span class=\"gfield_required gfield_required_asterisk\">*<\/span><\/span><\/label><div class='ginput_container ginput_container_textarea'><textarea name='input_6' id='input_3_6' class='textarea large'    placeholder='Message' aria-required=\"true\" aria-invalid=\"false\"   rows='10' cols='50'><\/textarea><\/div><\/div><\/div><\/div>\n        <div class='gform-footer gform_footer top_label'> <button class=' button opaque-color-main d-flex align-items-center justify-content-center border-radius gform_button mx-auto' id='gform_submit_button_3'><span class='style-font-main fw-medium style-font-18 text-color-white'>Submit<\/span><i class='fa-duotone fa-solid fa-spinner fa-spin style-font-18' style='display: none; margin:2px 0;'><\/i><\/button> <input type='hidden' name='gform_ajax' value='form_id=3&amp;title=&amp;description=&amp;tabindex=0&amp;theme=gravity-theme&amp;hash=3535c8565b0b6a31972b7a7f758035b8' \/>\n            <input type='hidden' class='gform_hidden' name='gform_submission_method' data-js='gform_submission_method_3' value='iframe' \/>\n            <input type='hidden' class='gform_hidden' name='gform_theme' data-js='gform_theme_3' id='gform_theme_3' value='gravity-theme' \/>\n            <input type='hidden' class='gform_hidden' name='gform_style_settings' data-js='gform_style_settings_3' id='gform_style_settings_3' value='' \/>\n            <input type='hidden' class='gform_hidden' name='is_submit_3' value='1' \/>\n            <input type='hidden' class='gform_hidden' name='gform_submit' value='3' \/>\n            \n            <input type='hidden' class='gform_hidden' name='gform_currency' data-currency='CAD' value='UrMlvxYoqs2hzHF\/LEQ11TjRhMKyDwGrG4qObDcg43BJgXh90UYur1BVehXqjJEfyTQXXBZuO6NQb3XMxfCgK6xh3NUImrZTs9exdFcDus\/eB\/I=' \/>\n            <input type='hidden' class='gform_hidden' name='gform_unique_id' value='' \/>\n            <input type='hidden' class='gform_hidden' name='state_3' value='WyJbXSIsIjllMjA1ZDA0ZTM4ZDJjMzQxMGFiYjJiOTA4YjNjZmFkIl0=' \/>\n            <input type='hidden' autocomplete='off' class='gform_hidden' name='gform_target_page_number_3' id='gform_target_page_number_3' value='0' \/>\n            <input type='hidden' autocomplete='off' class='gform_hidden' name='gform_source_page_number_3' id='gform_source_page_number_3' value='1' \/>\n            <input type='hidden' name='gform_field_values' value='' \/>\n            \n        <\/div>\n                        <\/form>\n                        <\/div>\n\t\t                <iframe style='display:none;width:0px;height:0px;' src='about:blank' name='gform_ajax_frame_3' id='gform_ajax_frame_3' title='This iframe contains the logic required to handle Ajax powered Gravity Forms.'><\/iframe>\n\t\t                <script type=\"text\/javascript\">\n\/* <![CDATA[ *\/\n gform.initializeOnLoaded( function() {gformInitSpinner( 3, 'https:\/\/charcuteriefortin.com\/wp-content\/themes\/la_web_shop\/assets\/images\/spinner-circle.svg', true );jQuery('#gform_ajax_frame_3').on('load',function(){var contents = jQuery(this).contents().find('*').html();var is_postback = contents.indexOf('GF_AJAX_POSTBACK') >= 0;if(!is_postback){return;}var form_content = jQuery(this).contents().find('#gform_wrapper_3');var is_confirmation = jQuery(this).contents().find('#gform_confirmation_wrapper_3').length > 0;var is_redirect = contents.indexOf('gformRedirect(){') >= 0;var is_form = form_content.length > 0 && ! is_redirect && ! is_confirmation;var mt = parseInt(jQuery('html').css('margin-top'), 10) + parseInt(jQuery('body').css('margin-top'), 10) + 100;if(is_form){jQuery('#gform_wrapper_3').html(form_content.html());if(form_content.hasClass('gform_validation_error')){jQuery('#gform_wrapper_3').addClass('gform_validation_error');} else {jQuery('#gform_wrapper_3').removeClass('gform_validation_error');}setTimeout( function() { \/* delay the scroll by 50 milliseconds to fix a bug in chrome *\/  }, 50 );if(window['gformInitDatepicker']) {gformInitDatepicker();}if(window['gformInitPriceFields']) {gformInitPriceFields();}var current_page = jQuery('#gform_source_page_number_3').val();gformInitSpinner( 3, 'https:\/\/charcuteriefortin.com\/wp-content\/themes\/la_web_shop\/assets\/images\/spinner-circle.svg', true );jQuery(document).trigger('gform_page_loaded', [3, current_page]);window['gf_submitting_3'] = false;}else if(!is_redirect){var confirmation_content = jQuery(this).contents().find('.GF_AJAX_POSTBACK').html();if(!confirmation_content){confirmation_content = contents;}jQuery('#gform_wrapper_3').replaceWith(confirmation_content);jQuery(document).trigger('gform_confirmation_loaded', [3]);window['gf_submitting_3'] = false;wp.a11y.speak(jQuery('#gform_confirmation_message_3').text());}else{jQuery('#gform_3').append(contents);if(window['gformRedirect']) {gformRedirect();}}jQuery(document).trigger(\"gform_pre_post_render\", [{ formId: \"3\", currentPage: \"current_page\", abort: function() { this.preventDefault(); } }]);        if (event && event.defaultPrevented) {                return;        }        const gformWrapperDiv = document.getElementById( \"gform_wrapper_3\" );        if ( gformWrapperDiv ) {            const visibilitySpan = document.createElement( \"span\" );            visibilitySpan.id = \"gform_visibility_test_3\";            gformWrapperDiv.insertAdjacentElement( \"afterend\", visibilitySpan );        }        const visibilityTestDiv = document.getElementById( \"gform_visibility_test_3\" );        let postRenderFired = false;        function triggerPostRender() {            if ( postRenderFired ) {                return;            }            postRenderFired = true;            gform.core.triggerPostRenderEvents( 3, current_page );            if ( visibilityTestDiv ) {                visibilityTestDiv.parentNode.removeChild( visibilityTestDiv );            }        }        function debounce( func, wait, immediate ) {            var timeout;            return function() {                var context = this, args = arguments;                var later = function() {                    timeout = null;                    if ( !immediate ) func.apply( context, args );                };                var callNow = immediate && !timeout;                clearTimeout( timeout );                timeout = setTimeout( later, wait );                if ( callNow ) func.apply( context, args );            };        }        const debouncedTriggerPostRender = debounce( function() {            triggerPostRender();        }, 200 );        if ( visibilityTestDiv && visibilityTestDiv.offsetParent === null ) {            const observer = new MutationObserver( ( mutations ) => {                mutations.forEach( ( mutation ) => {                    if ( mutation.type === 'attributes' && visibilityTestDiv.offsetParent !== null ) {                        debouncedTriggerPostRender();                        observer.disconnect();                    }                });            });            observer.observe( document.body, {                attributes: true,                childList: false,                subtree: true,                attributeFilter: [ 'style', 'class' ],            });        } else {            triggerPostRender();        }    } );} ); \n\/* ]]> *\/\n<\/script>\n      <\/div>\r\n\r\n  <\/div>\r\n\r\n<\/div>\r\n    <\/div>\r\n\r\n  <\/section>\r\n","protected":false},"excerpt":{"rendered":"","protected":false},"author":1,"featured_media":0,"parent":0,"menu_order":0,"comment_status":"closed","ping_status":"closed","template":"","meta":{"_acf_changed":false,"footnotes":""},"class_list":["post-264","page","type-page","status-publish","hentry"],"acf":[],"yoast_head":"<!-- This site is optimized with the Yoast SEO plugin v25.7 - https:\/\/yoast.com\/wordpress\/plugins\/seo\/ -->\n<title>Contact us - Charcuterie Fortin | Produits du Saguenay Lac-Saint-Jean<\/title>\n<meta name=\"robots\" content=\"index, follow, max-snippet:-1, max-image-preview:large, max-video-preview:-1\" \/>\n<link rel=\"canonical\" href=\"https:\/\/charcuteriefortin.com\/en\/contact-us\/\" \/>\n<meta property=\"og:locale\" content=\"en_US\" \/>\n<meta property=\"og:type\" content=\"article\" \/>\n<meta property=\"og:title\" content=\"Contact us - Charcuterie Fortin | Produits du Saguenay Lac-Saint-Jean\" \/>\n<meta property=\"og:url\" content=\"https:\/\/charcuteriefortin.com\/en\/contact-us\/\" \/>\n<meta property=\"og:site_name\" content=\"Charcuterie Fortin | Produits du Saguenay Lac-Saint-Jean\" \/>\n<meta property=\"article:modified_time\" content=\"2025-09-05T13:01:33+00:00\" \/>\n<meta name=\"twitter:card\" content=\"summary_large_image\" \/>\n<script type=\"application\/ld+json\" class=\"yoast-schema-graph\">{\"@context\":\"https:\/\/schema.org\",\"@graph\":[{\"@type\":\"WebPage\",\"@id\":\"https:\/\/charcuteriefortin.com\/en\/contact-us\/\",\"url\":\"https:\/\/charcuteriefortin.com\/en\/contact-us\/\",\"name\":\"Contact us - Charcuterie Fortin | Produits du Saguenay Lac-Saint-Jean\",\"isPartOf\":{\"@id\":\"https:\/\/charcuteriefortin.com\/#website\"},\"datePublished\":\"2025-04-18T19:36:43+00:00\",\"dateModified\":\"2025-09-05T13:01:33+00:00\",\"breadcrumb\":{\"@id\":\"https:\/\/charcuteriefortin.com\/en\/contact-us\/#breadcrumb\"},\"inLanguage\":\"en-US\",\"potentialAction\":[{\"@type\":\"ReadAction\",\"target\":[\"https:\/\/charcuteriefortin.com\/en\/contact-us\/\"]}]},{\"@type\":\"BreadcrumbList\",\"@id\":\"https:\/\/charcuteriefortin.com\/en\/contact-us\/#breadcrumb\",\"itemListElement\":[{\"@type\":\"ListItem\",\"position\":1,\"name\":\"Home\",\"item\":\"https:\/\/charcuteriefortin.com\/en\/\"},{\"@type\":\"ListItem\",\"position\":2,\"name\":\"Contact us\"}]},{\"@type\":\"WebSite\",\"@id\":\"https:\/\/charcuteriefortin.com\/#website\",\"url\":\"https:\/\/charcuteriefortin.com\/\",\"name\":\"Charcuterie Fortin | Produits du Saguenay Lac-Saint-Jean\",\"description\":\"Charcuterie Fortin se sp\u00e9cialise dans la transformation de jambon et charcuteries, en priorisant le bon go\u00fbt traditionnel et la qualit\u00e9 sup\u00e9rieure de ses produits.\",\"potentialAction\":[{\"@type\":\"SearchAction\",\"target\":{\"@type\":\"EntryPoint\",\"urlTemplate\":\"https:\/\/charcuteriefortin.com\/?s={search_term_string}\"},\"query-input\":{\"@type\":\"PropertyValueSpecification\",\"valueRequired\":true,\"valueName\":\"search_term_string\"}}],\"inLanguage\":\"en-US\"}]}<\/script>\n<!-- \/ Yoast SEO plugin. -->","yoast_head_json":{"title":"Contact us - Charcuterie Fortin | Produits du Saguenay Lac-Saint-Jean","robots":{"index":"index","follow":"follow","max-snippet":"max-snippet:-1","max-image-preview":"max-image-preview:large","max-video-preview":"max-video-preview:-1"},"canonical":"https:\/\/charcuteriefortin.com\/en\/contact-us\/","og_locale":"en_US","og_type":"article","og_title":"Contact us - Charcuterie Fortin | Produits du Saguenay Lac-Saint-Jean","og_url":"https:\/\/charcuteriefortin.com\/en\/contact-us\/","og_site_name":"Charcuterie Fortin | Produits du Saguenay Lac-Saint-Jean","article_modified_time":"2025-09-05T13:01:33+00:00","twitter_card":"summary_large_image","schema":{"@context":"https:\/\/schema.org","@graph":[{"@type":"WebPage","@id":"https:\/\/charcuteriefortin.com\/en\/contact-us\/","url":"https:\/\/charcuteriefortin.com\/en\/contact-us\/","name":"Contact us - Charcuterie Fortin | Produits du Saguenay Lac-Saint-Jean","isPartOf":{"@id":"https:\/\/charcuteriefortin.com\/#website"},"datePublished":"2025-04-18T19:36:43+00:00","dateModified":"2025-09-05T13:01:33+00:00","breadcrumb":{"@id":"https:\/\/charcuteriefortin.com\/en\/contact-us\/#breadcrumb"},"inLanguage":"en-US","potentialAction":[{"@type":"ReadAction","target":["https:\/\/charcuteriefortin.com\/en\/contact-us\/"]}]},{"@type":"BreadcrumbList","@id":"https:\/\/charcuteriefortin.com\/en\/contact-us\/#breadcrumb","itemListElement":[{"@type":"ListItem","position":1,"name":"Home","item":"https:\/\/charcuteriefortin.com\/en\/"},{"@type":"ListItem","position":2,"name":"Contact us"}]},{"@type":"WebSite","@id":"https:\/\/charcuteriefortin.com\/#website","url":"https:\/\/charcuteriefortin.com\/","name":"Charcuterie Fortin | Produits du Saguenay Lac-Saint-Jean","description":"Charcuterie Fortin se sp\u00e9cialise dans la transformation de jambon et charcuteries, en priorisant le bon go\u00fbt traditionnel et la qualit\u00e9 sup\u00e9rieure de ses produits.","potentialAction":[{"@type":"SearchAction","target":{"@type":"EntryPoint","urlTemplate":"https:\/\/charcuteriefortin.com\/?s={search_term_string}"},"query-input":{"@type":"PropertyValueSpecification","valueRequired":true,"valueName":"search_term_string"}}],"inLanguage":"en-US"}]}},"_links":{"self":[{"href":"https:\/\/charcuteriefortin.com\/en\/wp-json\/wp\/v2\/pages\/264","targetHints":{"allow":["GET"]}}],"collection":[{"href":"https:\/\/charcuteriefortin.com\/en\/wp-json\/wp\/v2\/pages"}],"about":[{"href":"https:\/\/charcuteriefortin.com\/en\/wp-json\/wp\/v2\/types\/page"}],"author":[{"embeddable":true,"href":"https:\/\/charcuteriefortin.com\/en\/wp-json\/wp\/v2\/users\/1"}],"replies":[{"embeddable":true,"href":"https:\/\/charcuteriefortin.com\/en\/wp-json\/wp\/v2\/comments?post=264"}],"version-history":[{"count":8,"href":"https:\/\/charcuteriefortin.com\/en\/wp-json\/wp\/v2\/pages\/264\/revisions"}],"predecessor-version":[{"id":575,"href":"https:\/\/charcuteriefortin.com\/en\/wp-json\/wp\/v2\/pages\/264\/revisions\/575"}],"wp:attachment":[{"href":"https:\/\/charcuteriefortin.com\/en\/wp-json\/wp\/v2\/media?parent=264"}],"curies":[{"name":"wp","href":"https:\/\/api.w.org\/{rel}","templated":true}]}}